{"id":86,"date":"2024-12-04T14:48:15","date_gmt":"2024-12-04T14:48:15","guid":{"rendered":"https:\/\/daklakcoffee.vn\/home\/?page_id=86"},"modified":"2026-04-18T02:39:09","modified_gmt":"2026-04-18T02:39:09","slug":"trang-chu","status":"publish","type":"page","link":"https:\/\/daklakcoffee.vn\/home\/","title":{"rendered":"C\u00e0 ph\u00ea \u0110\u1eafk L\u1eafk &#8211; H\u01b0\u01a1ng v\u1ecb t\u1eeb cao nguy\u00ean"},"content":{"rendered":"<style>\n.home-hero { background: linear-gradient(rgba(62, 39, 35, 0.75), rgba(62, 39, 35, 0.85)), url('https:\/\/daklakcoffee.vn\/home\/wp-content\/uploads\/2024\/12\/LHCF-scaled.jpg'); background-size: cover; background-position: center; color: white; padding: 100px 40px; text-align: center; border-radius: 20px; margin-bottom: 40px; min-height: 400px; display: flex; flex-direction: column; justify-content: center; align-items: center; }\n.home-hero h1 { font-size: 48px; margin-bottom: 20px; text-shadow: 2px 2px 8px rgba(0,0,0,0.5); font-weight: 700; }\n.home-hero p { font-size: 22px; opacity: 0.95; max-width: 600px; text-shadow: 1px 1px 4px rgba(0,0,0,0.5); }\n.stats-bar { display: grid; grid-template-columns: repeat(5, 1fr); gap: 15px; background: linear-gradient(135deg, #8D6E63 0%, #6D4C41 100%); color: white; padding: 30px; border-radius: 15px; margin-bottom: 40px; }\n.stat-item { text-align: center; padding: 15px 10px; background: rgba(255,255,255,0.1); border-radius: 10px; }\n.stat-icon { font-size: 28px; display: block; margin-bottom: 8px; }\n.stat-name { font-size: 12px; text-transform: uppercase; letter-spacing: 1px; opacity: 0.9; margin-bottom: 5px; }\n.stat-price { font-size: 18px; font-weight: bold; color: #FFD54F; }\n.stat-unit { font-size: 11px; opacity: 0.8; }\n.featured-section { display: grid; grid-template-columns: repeat(auto-fit, minmax(300px, 1fr)); gap: 30px; margin-bottom: 40px; }\n.featured-card { background: white; border-radius: 15px; padding: 25px; box-shadow: 0 4px 15px rgba(0,0,0,0.1); }\n.featured-card h3 { color: #5D4037; font-size: 22px; margin-bottom: 15px; }\n.featured-card p { color: #666; line-height: 1.6; }\n.cta-button { display: inline-block; background: #D4A574; color: #3E2723; padding: 15px 35px; border-radius: 30px; text-decoration: none; font-weight: 600; margin-top: 25px; }\n.price-update { text-align: center; font-size: 12px; color: #999; margin-bottom: 20px; }\n.price-source { text-align: center; font-size: 11px; color: #999; margin-top: -25px; margin-bottom: 30px; }\n@media (max-width: 768px) { .stats-bar { grid-template-columns: repeat(2, 1fr); } }\n<\/style>\n<div class=\"home-hero\">\n<h1>\u2615 C\u00e0 ph\u00ea \u0110\u1eafk L\u1eafk<\/h1>\n<p>H\u01b0\u01a1ng v\u1ecb t\u1eeb cao nguy\u00ean &#8211; N\u01a1i sinh ra nh\u1eefng h\u1ea1t c\u00e0 ph\u00ea ch\u1ea5t l\u01b0\u1ee3ng cao nh\u1ea5t Vi\u1ec7t Nam<\/p>\n<p><a href=\"#\" class=\"cta-button\">Kh\u00e1m ph\u00e1 ngay<\/a>\n<\/div>\n<p class=\"price-update\">\ud83d\udcca C\u1eadp nh\u1eadt: 18\/04\/2026 &#8211; 6:00<\/p>\n<div class=\"stats-bar\">\n<div class=\"stat-item\"><span class=\"stat-icon\">\u2615<\/span><\/p>\n<div class=\"stat-name\">C\u00e0 ph\u00ea<\/div>\n<div class=\"stat-price\">85.300<\/div>\n<div class=\"stat-unit\">\u0111\/kg (\u0110\u1eafk L\u1eafk)<\/div>\n<\/div>\n<div class=\"stat-item\"><span class=\"stat-icon\">\ud83c\udf36\ufe0f<\/span><\/p>\n<div class=\"stat-name\">Ti\u00eau \u0111en<\/div>\n<div class=\"stat-price\">140.000<\/div>\n<div class=\"stat-unit\">\u0111\/kg<\/div>\n<\/div>\n<div class=\"stat-item\"><span class=\"stat-icon\">\ud83e\udd6d<\/span><\/p>\n<div class=\"stat-name\">S\u1ea7u ri\u00eang<\/div>\n<div class=\"stat-price\">68.000<\/div>\n<div class=\"stat-unit\">\u0111\/kg (Ri6)<\/div>\n<\/div>\n<div class=\"stat-item\"><span class=\"stat-icon\">\ud83e\udd5c<\/span><\/p>\n<div class=\"stat-name\">\u0110i\u1ec1u<\/div>\n<div class=\"stat-price\">40.000<\/div>\n<div class=\"stat-unit\">\u0111\/kg (t\u01b0\u01a1i)<\/div>\n<\/div>\n<div class=\"stat-item\"><span class=\"stat-icon\">\ud83e\udd51<\/span><\/p>\n<div class=\"stat-name\">M\u1eafc ca<\/div>\n<div class=\"stat-price\">85.000<\/div>\n<div class=\"stat-unit\">\u0111\/kg<\/div>\n<\/div>\n<\/div>\n<p class=\"price-source\">\ud83d\udccb Ngu\u1ed3n: VietnamBiz, GiaCafe.com, B\u00e1o \u0110\u1eafk L\u1eafk, B\u1ea3ng gi\u00e1 n\u00f4ng s\u1ea3n<\/p>\n<div class=\"featured-section\">\n<div class=\"featured-card\">\n<h3>\u2615 C\u00e0 ph\u00ea Bu\u00f4n Ma Thu\u1ed9t<\/h3>\n<p>\u0110\u1eafk L\u1eafk l\u00e0 v\u00f9ng tr\u1ed3ng c\u00e0 ph\u00ea l\u1edbn nh\u1ea5t Vi\u1ec7t Nam. C\u00e0 ph\u00ea n\u1ed5i ti\u1ebfng v\u1edbi h\u01b0\u01a1ng v\u1ecb \u0111\u1eadm \u0111\u00e0, h\u1eadu v\u1ecb ng\u1ecdt thanh t\u1eeb v\u00f9ng \u0111\u1ea5t bazan \u0111\u1ecf T\u00e2y Nguy\u00ean.<\/p>\n<\/div>\n<div class=\"featured-card\">\n<h3>\ud83c\udfd4\ufe0f V\u1ebb \u0111\u1eb9p T\u1ef1 nhi\u00ean<\/h3>\n<p>Kh\u00e1m ph\u00e1 H\u1ed3 L\u1eafk &#8211; h\u1ed3 n\u01b0\u1edbc t\u1ef1 nhi\u00ean l\u1edbn nh\u1ea5t Vi\u1ec7t Nam, th\u00e1c Dray Nur h\u00f9ng v\u0129 v\u00e0 v\u00f9ng \u0111\u1ea5t c\u1ee7a nh\u1eefng &#8220;th\u01b0\u1ee3ng l\u1ec7nh&#8221; Bu\u00f4n \u0110\u00f4n.<\/p>\n<\/div>\n<div class=\"featured-card\">\n<h3>\ud83c\udfad V\u0103n h\u00f3a T\u00e2y Nguy\u00ean<\/h3>\n<p>Tr\u1ea3i nghi\u1ec7m v\u0103n h\u00f3a \u0111\u1eb7c s\u1eafc qua l\u1ec5 h\u1ed9i C\u1ed3ng Chi\u00eang &#8211; di s\u1ea3n UNESCO, v\u00e0 nh\u1eefng b\u1ea3n l\u00e0ng truy\u1ec1n th\u1ed1ng c\u1ee7a c\u00e1c d\u00e2n t\u1ed9c T\u00e2y Nguy\u00ean.<\/p>\n<\/div>\n<\/div>\n<h2 style=\"text-align: center; color: #5D4037; margin: 40px 0 25px;\">\ud83d\udcf0 Tin t\u1ee9c &#038; B\u00e0i vi\u1ebft m\u1edbi nh\u1ea5t<\/h2>\n","protected":false},"excerpt":{"rendered":"<p>\u2615 C\u00e0 ph\u00ea \u0110\u1eafk L\u1eafk H\u01b0\u01a1ng v\u1ecb t\u1eeb cao nguy\u00ean &#8211; N\u01a1i sinh ra nh\u1eefng h\u1ea1t c\u00e0 ph\u00ea ch\u1ea5t l\u01b0\u1ee3ng cao nh\u1ea5t Vi\u1ec7t Nam Kh\u00e1m ph\u00e1 ngay \ud83d\udcca C\u1eadp nh\u1eadt: 18\/04\/2026 &#8211; 6:00 \u2615 C\u00e0 ph\u00ea 85.300 \u0111\/kg (\u0110\u1eafk L\u1eafk) \ud83c\udf36\ufe0f Ti\u00eau \u0111en 140.000 \u0111\/kg \ud83e\udd6d S\u1ea7u ri\u00eang 68.000 \u0111\/kg (Ri6) \ud83e\udd5c \u0110i\u1ec1u 40.000 \u0111\/kg [&hellip;]<\/p>\n","protected":false},"author":1,"featured_media":0,"parent":0,"menu_order":0,"comment_status":"closed","ping_status":"closed","template":"","meta":{"footnotes":""},"class_list":["post-86","page","type-page","status-publish","hentry"],"_links":{"self":[{"href":"https:\/\/daklakcoffee.vn\/home\/wp-json\/wp\/v2\/pages\/86","targetHints":{"allow":["GET"]}}],"collection":[{"href":"https:\/\/daklakcoffee.vn\/home\/wp-json\/wp\/v2\/pages"}],"about":[{"href":"https:\/\/daklakcoffee.vn\/home\/wp-json\/wp\/v2\/types\/page"}],"author":[{"embeddable":true,"href":"https:\/\/daklakcoffee.vn\/home\/wp-json\/wp\/v2\/users\/1"}],"replies":[{"embeddable":true,"href":"https:\/\/daklakcoffee.vn\/home\/wp-json\/wp\/v2\/comments?post=86"}],"version-history":[{"count":32,"href":"https:\/\/daklakcoffee.vn\/home\/wp-json\/wp\/v2\/pages\/86\/revisions"}],"predecessor-version":[{"id":277,"href":"https:\/\/daklakcoffee.vn\/home\/wp-json\/wp\/v2\/pages\/86\/revisions\/277"}],"wp:attachment":[{"href":"https:\/\/daklakcoffee.vn\/home\/wp-json\/wp\/v2\/media?parent=86"}],"curies":[{"name":"wp","href":"https:\/\/api.w.org\/{rel}","templated":true}]}}